{"id":91,"date":"2017-01-11T20:44:06","date_gmt":"2017-01-11T19:44:06","guid":{"rendered":"http:\/\/lamagit.ch\/?page_id=91"},"modified":"2022-02-24T19:19:32","modified_gmt":"2022-02-24T18:19:32","slug":"accueil","status":"publish","type":"page","link":"https:\/\/lamagit.ch\/?page_id=91","title":{"rendered":"Pourquoi une journ\u00e9e de constellation familiale ?"},"content":{"rendered":"\n<p style=\"text-align:left\"><strong>Pour r\u00e9soudre les tensions avec votre famille<\/strong><br><br><strong>Pour trouver, ou retrouver, votre place &#8211; votre juste place<\/strong><br><br><strong>Pour se r\u00e9concilier avec vous-m\u00eame et avec les autres<br><\/strong><br><strong>Pour mettre des mots sur vos \u00e9motions inconscientes <\/strong><br><br><\/p>\n\n\n\n<figure class=\"wp-block-image\"><img loading=\"lazy\" decoding=\"async\" width=\"700\" height=\"467\" src=\"https:\/\/lamagit.ch\/wp-content\/uploads\/2022\/02\/AdobeStock_292877744-1-700x467.jpeg\" alt=\"\" class=\"wp-image-459\" srcset=\"https:\/\/lamagit.ch\/wp-content\/uploads\/2022\/02\/AdobeStock_292877744-1-700x467.jpeg 700w, https:\/\/lamagit.ch\/wp-content\/uploads\/2022\/02\/AdobeStock_292877744-1-300x200.jpeg 300w, https:\/\/lamagit.ch\/wp-content\/uploads\/2022\/02\/AdobeStock_292877744-1-768x512.jpeg 768w\" sizes=\"auto, (max-width: 700px) 100vw, 700px\" \/><\/figure>\n\n\n\n<p><strong>Qu\u2019est\u2010ce qu\u2019une constellation familiale?<\/strong>   <\/p>\n\n\n\n<p>  <strong> \u00ab<\/strong><em><strong>C&rsquo;est une exp\u00e9rience, non un exercice mental, quelque chose \u00e0 vivre, un moteur de transformation<\/strong><\/em><strong> <\/strong><em><strong>puissant et rapide\u00bb.<\/strong><\/em><strong>   <\/strong>&nbsp;   <\/p>\n\n\n\n<p>La famille est un endroit o\u00f9 chacun a sa place. Ce principe d\u2019appartenance au syst\u00e8me familial est fondamental pour Bert Hellinger, fondateur des constellations familiales. <\/p>\n\n\n\n<p>La famille \u0153uvre selon les lois du clan. Elle fonctionne en syst\u00e8me qui poss\u00e8de sa propre \u00e2me. Cette \u00e2me, comparable \u00e0 celle de l\u2019\u00e2me humaine, inscrit tout l\u2019inventaire des blessures familiales, pr\u00e9sentes et h\u00e9rit\u00e9es des g\u00e9n\u00e9rations pr\u00e9c\u00e9dentes. Par exemple, les blessures de l\u2019\u00e2me familiale peuvent \u00eatre dues \u00e0 la mort pr\u00e9matur\u00e9e d\u2019un membre de la famille, \u00e0 l\u2019exclusion de l\u2019un de ses membres, \u00e0 un mal provoqu\u00e9 par un membre de la   famille, etc. <\/p>\n\n\n\n<p>Le syst\u00e8me familial est \u00e9galement constitu\u00e9 d\u2019un ordre familial dans   lequel chacun doit trouver sa place, les anciens d\u2019abord. Afin que chacun   puisse trouver sa juste place au sein de la famille, le principe du syst\u00e8me   d\u2019\u00e9quilibre \u00abrecevoir et donner\u00bb doit \u00eatre respect\u00e9. C\u2019est ce que vise \u00e0   r\u00e9tablir le syst\u00e8me familial. <\/p>\n\n\n\n<p><strong>Comment se d\u00e9roule une journ\u00e9e de constellation familiale ?<\/strong><\/p>\n\n\n\n<p>Les constellations familiales se d\u00e9roulent en groupe, accompagn\u00e9 par un   ou deux th\u00e9rapeutes. Chacun des participants, l\u2019un apr\u00e8s l\u2019autre, va pr\u00e9senter sa probl\u00e9matique sous la forme d\u2019une question. D\u2019apr\u00e8s l\u2019\u00e9nonc\u00e9 de   cette question, le th\u00e9rapeute pourra d\u00e9cider quel membre de<strong> la famille va \u00eatre mis en place <\/strong>pour r\u00e9soudre cette probl\u00e9matique. Les membres de la   famille concern\u00e9s par la question du client sont ensuite \u00abincarn\u00e9s\u00bb par les autres participants du groupe. C\u2019est donc au travers des autres participants, que le client ou le th\u00e9rapeute choisit une ou plusieurs personnes pour repr\u00e9senter des membres de la famille. <\/p>\n\n\n\n<p>Tout ceci se passe dans un recueillement et <strong>un esprit de bienveillance.<\/strong> Chacun des participants repr\u00e9sentant l\u2019un des membres de la famille exprime alors ce qu\u2019il ressent intuitivement de la situation. C\u2019est l\u00e0 que se produit un ph\u00e9nom\u00e8ne \u00e9tonnant: les repr\u00e9sentants adoptent spontan\u00e9ment la gestuelle, le vocabulaire, et les mani\u00e8res identiques des personnages de la famille qu\u2019ils incarnent sans pourtant les conna\u00eetre <\/p>\n\n\n\n<p>En voyant les personnages s\u2019incarner, le th\u00e9rapeute peut ensuite comprendre la complexit\u00e9 de la probl\u00e9matique. Le travail se fait alors par des gestes ou des phrases adapt\u00e9es \u00e0 la situation. Ce travail permet ainsi \u00e0 chaque membre de la famille de retrouver sa juste place, et de <strong>r\u00e9tablir l\u2019\u00e9quilibre au sein du syst\u00e8me familial.<\/strong>&nbsp; On retrouve \u00ab\u00a0la m\u00eame syst\u00e9mique\u00a0\u00bb dans le milieu professionnel, familial et relationnel <\/p>\n\n\n\n<p>Bien s\u00fbr, un travail de constellation familiale est complexe, mais il faut retenir que remettre \u00e0 sa juste place chacun des membres de notre famille, traditionnelle ou recompos\u00e9e, peut impliquer des transformations importantes et b\u00e9n\u00e9fiques. <br><br><br><\/p>\n\n\n\n<figure class=\"wp-block-image is-resized\"><img loading=\"lazy\" decoding=\"async\" src=\"https:\/\/lamagit.ch\/wp-content\/uploads\/2016\/12\/2btlw7.jpg\" alt=\"\" class=\"wp-image-32\" width=\"657\" height=\"462\" srcset=\"https:\/\/lamagit.ch\/wp-content\/uploads\/2016\/12\/2btlw7.jpg 999w, https:\/\/lamagit.ch\/wp-content\/uploads\/2016\/12\/2btlw7-300x211.jpg 300w, https:\/\/lamagit.ch\/wp-content\/uploads\/2016\/12\/2btlw7-768x540.jpg 768w\" sizes=\"auto, (max-width: 657px) 100vw, 657px\" \/><figcaption><br><\/figcaption><\/figure>\n\n\n\n<p><strong>Les trois principes des constellations familiales<\/strong><\/p>\n\n\n\n<p><strong>1.- Principe d\u2019appartenance<\/strong><\/p>\n\n\n\n<p>Tous les membres d&rsquo;une famille ont le m\u00eame droit d&rsquo;appartenance. C&rsquo;est un droit que nul ne peut contester. Il n&rsquo;y a pas degr\u00e9 d&rsquo;appartenance sup\u00e9rieur ou inf\u00e9rieur. Le simple fait de notre naissance &#8211; de notre conception &#8211; nous donne notre place dans la famille . M\u00eame notre mort ne peut remettre cette appartenance en question.<br><\/p>\n\n\n\n<p>Ainsi tout traumatisme, toute blessure et dette morale se r\u00e9percute sur l\u2019ensemble du syst\u00e8me \u00e0 travers les g\u00e9n\u00e9rations. Le syst\u00e8me familial cherche l&rsquo;\u00e9quilibre et alors un membre d\u2019une g\u00e9n\u00e9ration ult\u00e9rieure se \u00ab\u00a0proposera\u00a0\u00bb inconsciemment pour tenter de compenser \u00e0 ses d\u00e9pends. L\u2019auto-sacrifice chez les enfants pouvant aller jusqu\u2019\u00e0 la maladie ou l\u2019accident. <\/p>\n\n\n\n<p><strong>2.- La Hi\u00e9rarchie, l&rsquo;Ordre ou la Pr\u00e9c\u00e9dence<\/strong><\/p>\n\n\n\n<p>C&rsquo;est une id\u00e9e assez famili\u00e8re et qui semble couler de source. L&rsquo;ordre syst\u00e9mique respecte l&rsquo;ordre chronologique. Ainsi les parents viennent avant les enfants. <\/p>\n\n\n\n<p>Les premier enfant vient avant le second, et ainsi de suite. Un premier conjoint garde sa place de premier conjoint, m\u00eame s&rsquo;il n&rsquo;est plus le conjoint actuel. Les \u00ab\u00a0grands\u00a0\u00bb assument les responsabilit\u00e9s qui leur reviennent, les enfants ne sont que des enfants, les anciens ont des droits et des devoirs vis-\u00e0-vis des plus jeunes.<\/p>\n\n\n\n<p> Face \u00e0 mes parents je suis le petit et eux les grands, mon fr\u00e8re a\u00een\u00e9 vient avant moi\u2026<\/p>\n\n\n\n<p><strong>3.- \u00c9quilibre entre prendre et donner<\/strong><\/p>\n\n\n\n<p>Les relations humaines s&rsquo;\u00e9quilibrent selon un \u00e9change \u00e9quitable entre PRENDRE et DONNER. La p\u00e9rennit\u00e9 d&rsquo;une relation est conditionn\u00e9e par l&rsquo;\u00e9galit\u00e9 de cet \u00e9change, dans le bien comme dans le mal!<\/p>\n\n\n\n<p>Si un conjoint ne soutient pas l&rsquo;autre conjoint alors un d\u00e9s\u00e9quilibre s&rsquo;installe. Cela peut \u00eatre temporaire et le conjoint qui re\u00e7oit\/prend moins et doit fournir une effort suppl\u00e9mentaire pour maintenir la balance.<\/p>\n\n\n\n<p><\/p>\n\n\n\n<p><strong>Qui appartient \u00e0 la famille :<\/strong><br>\u2022 Toutes les s\u0153urs, tous les fr\u00e8res<br>\u2022 Les demi-fr\u00e8res, les demi-s\u0153urs<br>\u2022 Sa propre descendance, ses propres enfants<br>\u2022 Les enfants morts-n\u00e9s<br>\u2022 Les avortements<br>\u2022 Son p\u00e8re, sa m\u00e8re et leur fratrie<br>\u2022 Son p\u00e8re adoptif ou sa m\u00e8re adoptive mais pas comme on l\u2019imagine<br>\u2022 Les oncles et les tantes mais pas les cousins<br>\u2022 Les grands-parents (paternels, maternels), parfois leur fratrie<br>\u2022 Les partenaires pr\u00e9c\u00e9dents des parents et des grands-parents<\/p>\n\n\n\n<p><strong>Quels \u00e9v\u00e9nements sont importants pour la famille :<\/strong><br>\u2022 Filiation inconnue<br>\u2022 Divorce, s\u00e9paration<br>\u2022 Avortement, fausse couche<br>\u2022 Abandon du partenaire, quitter le partenaire<br>\u2022 Pas de contact des enfants avec le p\u00e8re, la m\u00e8re<br>\u2022 Probl\u00e8mes avec ses enfants<br>\u2022 Perte d\u2019un enfant<br>\u2022 Enfants mort-n\u00e9s<br>\u2022 Mort ou suicide d\u2019un partenaire<br>\u2022 Famille recompos\u00e9e<br>\u2022 Maladies graves, cancer<br>\u2022 Internements psychiatriques<br>\u2022 Toxicomanie, alcoolisme, d\u00e9pendances<br>\u2022 Accidents graves<br>\u2022 Femme morte en couche<br>\u2022 Accidents r\u00e9p\u00e9titifs<br>\u2022 Faillites<br>\u2022 Querelle d\u2019h\u00e9ritage<br>\u2022 Ch\u00f4mage<br>\u2022 Nationalit\u00e9s diff\u00e9rentes des partenaires, des parents<br>\u2022 G\u00e9nocides<br>\u2022 Emigration<br>\u2022 Religion diff\u00e9rente des partenaires, des parents<br>\u2022 Injustice en h\u00e9ritage<br>\u2022 Meurtres<br>\u2022 Suicides<br>\u2022 Inceste<br>\u2022 Adoption<br>\u2022 Abandon d\u2019enfant<br>\u2022 Perte du p\u00e8re ou de la m\u00e8re en bas \u00e2ge<\/p>\n\n\n\n<p>Source&nbsp;: <a href=\"http:\/\/www.constellationsfamiliales.net\/\">http:\/\/www.constellationsfamiliales.net\/<\/a><\/p>\n","protected":false},"excerpt":{"rendered":"<p>Pour r\u00e9soudre les tensions avec votre famille Pour trouver, ou retrouver, votre place &#8211; votre juste place Pour se r\u00e9concilier avec vous-m\u00eame et avec les autresPour mettre des mots sur vos \u00e9motions inconscientes Qu\u2019est\u2010ce qu\u2019une constellation familiale? \u00abC&rsquo;est une exp\u00e9rience, non un exercice mental, quelque chose \u00e0 vivre, un moteur de transformation puissant et rapide\u00bb. [&hellip;]<\/p>\n","protected":false},"author":1,"featured_media":0,"parent":0,"menu_order":0,"comment_status":"closed","ping_status":"closed","template":"","meta":{"footnotes":""},"class_list":["post-91","page","type-page","status-publish","hentry"],"_links":{"self":[{"href":"https:\/\/lamagit.ch\/index.php?rest_route=\/wp\/v2\/pages\/91","targetHints":{"allow":["GET"]}}],"collection":[{"href":"https:\/\/lamagit.ch\/index.php?rest_route=\/wp\/v2\/pages"}],"about":[{"href":"https:\/\/lamagit.ch\/index.php?rest_route=\/wp\/v2\/types\/page"}],"author":[{"embeddable":true,"href":"https:\/\/lamagit.ch\/index.php?rest_route=\/wp\/v2\/users\/1"}],"replies":[{"embeddable":true,"href":"https:\/\/lamagit.ch\/index.php?rest_route=%2Fwp%2Fv2%2Fcomments&post=91"}],"version-history":[{"count":72,"href":"https:\/\/lamagit.ch\/index.php?rest_route=\/wp\/v2\/pages\/91\/revisions"}],"predecessor-version":[{"id":462,"href":"https:\/\/lamagit.ch\/index.php?rest_route=\/wp\/v2\/pages\/91\/revisions\/462"}],"wp:attachment":[{"href":"https:\/\/lamagit.ch\/index.php?rest_route=%2Fwp%2Fv2%2Fmedia&parent=91"}],"curies":[{"name":"wp","href":"https:\/\/api.w.org\/{rel}","templated":true}]}}