{"id":7,"date":"2015-08-13T09:16:01","date_gmt":"2015-08-13T08:16:01","guid":{"rendered":"http:\/\/test-install-prestashop.tk\/?page_id=7"},"modified":"2025-08-31T13:43:37","modified_gmt":"2025-08-31T12:43:37","slug":"7-2","status":"publish","type":"page","link":"https:\/\/lamagit.ch\/","title":{"rendered":"Les constellations familiales et syst\u00e9miques"},"content":{"rendered":"<p style=\"text-align: center;\"><span style=\"color: #000000;\">Chacun de nous appartient \u00e0 un syst\u00e8me familial constitu\u00e9 de nos parents, fr\u00e8res et s\u0153urs, conjoint(s) et enfants.<br \/>\n<\/span><span style=\"color: #000000;\">Les g\u00e9n\u00e9rations ant\u00e9rieures et toutes personnes qui ont pu \u00eatre impliqu\u00e9es dans le destin de notre famille en font aussi partie.<\/span><\/p>\n<p style=\"text-align: center;\"><a href=\"https:\/\/lamagit.ch\/wp-content\/uploads\/2021\/04\/Capture-du-2021-04-30-18-56-35.png\"><img loading=\"lazy\" decoding=\"async\" class=\"wp-image-341 alignnone\" src=\"https:\/\/lamagit.ch\/wp-content\/uploads\/2021\/04\/Capture-du-2021-04-30-18-56-35-300x182.png\" alt=\"\" width=\"553\" height=\"335\" srcset=\"https:\/\/lamagit.ch\/wp-content\/uploads\/2021\/04\/Capture-du-2021-04-30-18-56-35-300x182.png 300w, https:\/\/lamagit.ch\/wp-content\/uploads\/2021\/04\/Capture-du-2021-04-30-18-56-35.png 543w\" sizes=\"auto, (max-width: 553px) 100vw, 553px\" \/><\/a><\/p>\n<p><span style=\"color: #000000;\">Parfois, des souffrances \u00e9mergent dans nos vies professionnelle, priv\u00e9e et sociale, se manifestant sous forme de blocages, de crises identitaires et de mal-\u00eatre profond, dont les causes demeurent difficiles \u00e0 identifier au quotidien.<\/span><\/p>\n<p style=\"text-align: center;\"><span style=\"color: #000000;\">Ces douleurs ne sont pas toujours directement li\u00e9es \u00e0 notre parcours personnel; elles peuvent principalement d\u00e9couler de notre loyaut\u00e9 envers les membres de notre syst\u00e8me familial, ayant des racines dans des conflits non r\u00e9solus des g\u00e9n\u00e9rations pr\u00e9c\u00e9dentes. Ce lien, per\u00e7u inconsciemment, d\u00e9coule d\u2019une <strong>exclusion<\/strong>, d\u2019un <strong>d\u00e9s\u00e9quilibre<\/strong> au sein des membres, ou d\u2019un <strong>d\u00e9sordre dans la hi\u00e9rarchie<\/strong> des r\u00f4les familiaux.<\/span><\/p>\n<p style=\"text-align: left;\"><span style=\"color: #000000;\">Face \u00e0 ces souffrances, nous nous posons souvent des questions telles que : <\/span><\/p>\n<p style=\"text-align: left;\"><span style=\"color: #000000;\">\u00ab\u00a0Pourquoi ai-je le sentiment de ne pas \u00eatre \u00e0 ma place dans ma vie ou ma famille ?<\/span><\/p>\n<p style=\"text-align: left;\"><span style=\"color: #000000;\">Pourquoi mes \u00e9checs amoureux, ou professionnels, sont-ils si r\u00e9currents ? <\/span><\/p>\n<p style=\"text-align: left;\"><span style=\"color: #000000;\">Qu\u2019est-ce qui me bloque et me fait r\u00e9p\u00e9ter un sch\u00e9ma ?<\/span><\/p>\n<p style=\"text-align: left;\"><span style=\"color: #000000;\">Pourquoi cette mauvaise relation m&#8217;emp\u00eache-t-elle de vivre sereinement\u00a0 ?\u00a0\u00bb<\/span><\/p>\n<p style=\"text-align: left;\"><span style=\"color: #000000;\">Les constellations familiales et syst\u00e9miques offrent un acc\u00e8s rapide et en profondeur aux origines de ces probl\u00e8mes et aident \u00e0 \u00ab\u00a0r\u00e9parer\u00a0\u00bb ces conflits, nous permettant ainsi de vivre notre vie de mani\u00e8re plus sereine.<\/span><\/p>\n<p style=\"text-align: left;\"><span style=\"color: #000000;\"><strong><a style=\"color: #000000;\" href=\"https:\/\/lamagit.ch\/?page_id=120\">Je <\/a><\/strong>\u00a0vous propose de vous guider, de vous accompagner, <\/span><span style=\"color: #000000;\">\u00e0 retrouver le chemin qui agit en VOUS vers une solution \u00e0 ces d\u00e9s\u00e9quilibres.<\/span><\/p>\n<p><a href=\"https:\/\/lamagit.ch\/?page_id=91\"><strong>Comment une constellation familiale se d\u00e9roule-t-elle?<\/strong><\/a><\/p>\n<p><span style=\"color: #000000;\">G\u00e9n\u00e9ralement, l&rsquo;approche des constellations familiales et syst\u00e9miques en groupe est nouvelle pour beaucoup. Naturellement, les gens souhaitent se faire une id\u00e9e avant de s&rsquo;engager et d\u00e9sirent mieux comprendre si cette m\u00e9thode leur convient. C\u2019est pourquoi vous pouvez participer \u00e0 une journ\u00e9e de constellations familiales en groupe en tant que \u00ab\u00a0participant. Cela vous permet d\u2019observer leurs d\u00e9roulements et de contribuer en prenant part aux constellations des autres personnes.<\/span><\/p>\n<p><span style=\"color: #000000;\">Pour ceux qui le souhaitent, les constellations familiales peuvent \u00e9galement \u00eatre pratiqu\u00e9es individuellement.<\/span><\/p>\n<p><span style=\"color: #000000;\">Lire les T\u00e9moignages<\/span><\/p>\n","protected":false},"excerpt":{"rendered":"<p>Chacun de nous appartient \u00e0 un syst\u00e8me familial constitu\u00e9 de nos parents, fr\u00e8res et s\u0153urs, conjoint(s) et enfants. Les g\u00e9n\u00e9rations ant\u00e9rieures et toutes personnes qui ont pu \u00eatre impliqu\u00e9es dans le destin de notre famille en font aussi partie. Parfois, des souffrances \u00e9mergent dans nos vies professionnelle, priv\u00e9e et sociale, se manifestant sous forme de [&hellip;]<\/p>\n","protected":false},"author":1,"featured_media":0,"parent":0,"menu_order":1,"comment_status":"closed","ping_status":"closed","template":"","meta":{"footnotes":""},"class_list":["post-7","page","type-page","status-publish","hentry"],"_links":{"self":[{"href":"https:\/\/lamagit.ch\/index.php?rest_route=\/wp\/v2\/pages\/7","targetHints":{"allow":["GET"]}}],"collection":[{"href":"https:\/\/lamagit.ch\/index.php?rest_route=\/wp\/v2\/pages"}],"about":[{"href":"https:\/\/lamagit.ch\/index.php?rest_route=\/wp\/v2\/types\/page"}],"author":[{"embeddable":true,"href":"https:\/\/lamagit.ch\/index.php?rest_route=\/wp\/v2\/users\/1"}],"replies":[{"embeddable":true,"href":"https:\/\/lamagit.ch\/index.php?rest_route=%2Fwp%2Fv2%2Fcomments&post=7"}],"version-history":[{"count":42,"href":"https:\/\/lamagit.ch\/index.php?rest_route=\/wp\/v2\/pages\/7\/revisions"}],"predecessor-version":[{"id":550,"href":"https:\/\/lamagit.ch\/index.php?rest_route=\/wp\/v2\/pages\/7\/revisions\/550"}],"wp:attachment":[{"href":"https:\/\/lamagit.ch\/index.php?rest_route=%2Fwp%2Fv2%2Fmedia&parent=7"}],"curies":[{"name":"wp","href":"https:\/\/api.w.org\/{rel}","templated":true}]}}