{"id":39,"date":"2016-12-28T11:42:46","date_gmt":"2016-12-28T10:42:46","guid":{"rendered":"http:\/\/lamagit.ch\/?page_id=39"},"modified":"2026-01-05T17:32:50","modified_gmt":"2026-01-05T16:32:50","slug":"calendrier-des-ateliers","status":"publish","type":"page","link":"https:\/\/lamagit.ch\/?page_id=39","title":{"rendered":"Calendrier des ateliers"},"content":{"rendered":"<h2>A<span style=\"color: #333333;\"> Bulle <span style=\"font-family: Calibri, serif;\"><span style=\"font-size: large;\">Rue Victor-Tissot 30A<\/span><\/span><\/span><\/h2>\n<h4><span style=\"color: #333333;\">Pour 2026<\/span><\/h4>\n<ul>\n<li><span style=\"color: #333333;\">Le dimanche 18 janvier <br \/><\/span><\/li>\n<li>Le dimanche\u00a0 8 f\u00e9vrier\u00a0<\/li>\n<li>Le dimanche 12 avril<\/li>\n<li>Le dimanche 17 mai\u00a0<\/li>\n<li>Le dimanche 14 juin<\/li>\n<li>Le dimanche 20 septembre\u00a0<\/li>\n<li>Le dimanche 18 octobre<\/li>\n<li>Le dimanche 15 novembre\u00a0<\/li>\n<li>Le dimanche 13 d\u00e9cembre<\/li>\n<\/ul>\n<h2>A Yverdon-les-Bains \u00e0 l&rsquo;Espace Yoga<\/h2>\n<ul>\n<li>Le dimanche 22 mars\u00a0<\/li>\n<li>Le dimanche 16 ao\u00fbt<\/li>\n<\/ul>\n<p>Une journ\u00e9e de constellation familiale d\u00e9bute \u00e0 9h et se termine \u00e0 17h.<\/p>\n<p>Pour des constellations individuelles veuillez me contacter <br \/>au 079 447 22 67 ou par email \u00e0 pascal.rais(at)lamagit.ch<\/p>\n\n\n<p><\/p>\n","protected":false},"excerpt":{"rendered":"<p>A Bulle Rue Victor-Tissot 30A Pour 2026 Le dimanche 18 janvier Le dimanche\u00a0 8 f\u00e9vrier\u00a0 Le dimanche 12 avril Le dimanche 17 mai\u00a0 Le dimanche 14 juin Le dimanche 20 septembre\u00a0 Le dimanche 18 octobre Le dimanche 15 novembre\u00a0 Le dimanche 13 d\u00e9cembre A Yverdon-les-Bains \u00e0 l&rsquo;Espace Yoga Le dimanche 22 mars\u00a0 Le dimanche 16 [&hellip;]<\/p>\n","protected":false},"author":1,"featured_media":0,"parent":0,"menu_order":2,"comment_status":"closed","ping_status":"closed","template":"","meta":{"footnotes":""},"class_list":["post-39","page","type-page","status-publish","hentry"],"_links":{"self":[{"href":"https:\/\/lamagit.ch\/index.php?rest_route=\/wp\/v2\/pages\/39","targetHints":{"allow":["GET"]}}],"collection":[{"href":"https:\/\/lamagit.ch\/index.php?rest_route=\/wp\/v2\/pages"}],"about":[{"href":"https:\/\/lamagit.ch\/index.php?rest_route=\/wp\/v2\/types\/page"}],"author":[{"embeddable":true,"href":"https:\/\/lamagit.ch\/index.php?rest_route=\/wp\/v2\/users\/1"}],"replies":[{"embeddable":true,"href":"https:\/\/lamagit.ch\/index.php?rest_route=%2Fwp%2Fv2%2Fcomments&post=39"}],"version-history":[{"count":46,"href":"https:\/\/lamagit.ch\/index.php?rest_route=\/wp\/v2\/pages\/39\/revisions"}],"predecessor-version":[{"id":620,"href":"https:\/\/lamagit.ch\/index.php?rest_route=\/wp\/v2\/pages\/39\/revisions\/620"}],"wp:attachment":[{"href":"https:\/\/lamagit.ch\/index.php?rest_route=%2Fwp%2Fv2%2Fmedia&parent=39"}],"curies":[{"name":"wp","href":"https:\/\/api.w.org\/{rel}","templated":true}]}}