{"id":2,"date":"2014-09-05T08:17:34","date_gmt":"2014-09-05T07:17:34","guid":{"rendered":"http:\/\/lamagit.ch\/?page_id=2"},"modified":"2026-01-23T16:29:39","modified_gmt":"2026-01-23T15:29:39","slug":"les-tarifs","status":"publish","type":"page","link":"https:\/\/lamagit.ch\/?page_id=2","title":{"rendered":"Les Tarifs"},"content":{"rendered":"<p>On peut participer \u00e0 une constellation en tant que <strong>constellant.e<\/strong> ou en tant que <strong>repr\u00e9sentant.e<\/strong> ou en tant que <strong>couple constellant.e<\/strong>.<\/p>\n<p><strong>Constellant.e:<\/strong> ces personnes souhaitent r\u00e9soudre un probl\u00e8me et une constellation compl\u00e8te sera d\u00e9di\u00e9e \u00e0 leur question lors de la journ\u00e9e de constellations familiales.\u00a0<\/p>\n<p><strong>Repr\u00e9sentant.e:<\/strong> Il\/elle d\u00e9sire prendre part \u00e0 la journ\u00e9e de constellation familiale et pr\u00e9f\u00e8re ne pas aborder sa question ou n&rsquo;a pas actuellement de questions \u00e0 traiter. Il\/elle aura la possibilit\u00e9 de s&rsquo;int\u00e9grer dans le travail des constellations des autres participants en tant que repr\u00e9sentant(e).<\/p>\n<p><strong>Couple constellant.e:<\/strong> Ce sont deux personnes en couple et qui d\u00e9sirent\u00a0 traiter une question les concernant.\u00a0<\/p>\n<p>Comme <strong>repr\u00e9sentant.e<\/strong>:\u00a0 \u00a0 \u00a0 \u00a0 \u00a0 \u00a0 \u00a0 \u00a0 \u00a0 \u00a0 \u00a0 \u00a0 \u00a0 \u00a0 \u00a0 \u00a070.-\u00a0 CHF\u00a0 \u00a0\u00a0<br \/>Comme <strong>constellant.e<\/strong>:\u00a0 \u00a0 \u00a0 \u00a0 \u00a0 \u00a0 \u00a0 \u00a0 \u00a0 \u00a0 \u00a0 \u00a0 \u00a0 \u00a0 \u00a0 \u00a0 140.-\u00a0 CHF\u00a0 \u00a0 \u00a0<br \/>Comme <strong>couple constellant.e:\u00a0 \u00a0 \u00a0 \u00a0 \u00a0 \u00a0 \u00a0 \u00a0 \u00a0 \u00a0<\/strong>250.-\u00a0 CHF\u00a0 \u00a0 \u00a0<\/p>\n<p>Si vous souhaitez participer \u00e0 une journ\u00e9e de constellations familiales et traversez une p\u00e9riode de difficult\u00e9s financi\u00e8res qui vous emp\u00eache de vous inscrire, n&rsquo;h\u00e9sitez pas \u00e0 me contacter par email ou SMS. Ensemble, nous trouverons un moyen de vous permettre de participer.<\/p>\n\n\n<p><\/p>\n","protected":false},"excerpt":{"rendered":"<p>On peut participer \u00e0 une constellation en tant que constellant.e ou en tant que repr\u00e9sentant.e ou en tant que couple constellant.e. Constellant.e: ces personnes souhaitent r\u00e9soudre un probl\u00e8me et une constellation compl\u00e8te sera d\u00e9di\u00e9e \u00e0 leur question lors de la journ\u00e9e de constellations familiales.\u00a0 Repr\u00e9sentant.e: Il\/elle d\u00e9sire prendre part \u00e0 la journ\u00e9e de constellation familiale [&hellip;]<\/p>\n","protected":false},"author":1,"featured_media":0,"parent":39,"menu_order":0,"comment_status":"closed","ping_status":"closed","template":"","meta":{"footnotes":""},"class_list":["post-2","page","type-page","status-publish","hentry"],"_links":{"self":[{"href":"https:\/\/lamagit.ch\/index.php?rest_route=\/wp\/v2\/pages\/2","targetHints":{"allow":["GET"]}}],"collection":[{"href":"https:\/\/lamagit.ch\/index.php?rest_route=\/wp\/v2\/pages"}],"about":[{"href":"https:\/\/lamagit.ch\/index.php?rest_route=\/wp\/v2\/types\/page"}],"author":[{"embeddable":true,"href":"https:\/\/lamagit.ch\/index.php?rest_route=\/wp\/v2\/users\/1"}],"replies":[{"embeddable":true,"href":"https:\/\/lamagit.ch\/index.php?rest_route=%2Fwp%2Fv2%2Fcomments&post=2"}],"version-history":[{"count":39,"href":"https:\/\/lamagit.ch\/index.php?rest_route=\/wp\/v2\/pages\/2\/revisions"}],"predecessor-version":[{"id":628,"href":"https:\/\/lamagit.ch\/index.php?rest_route=\/wp\/v2\/pages\/2\/revisions\/628"}],"up":[{"embeddable":true,"href":"https:\/\/lamagit.ch\/index.php?rest_route=\/wp\/v2\/pages\/39"}],"wp:attachment":[{"href":"https:\/\/lamagit.ch\/index.php?rest_route=%2Fwp%2Fv2%2Fmedia&parent=2"}],"curies":[{"name":"wp","href":"https:\/\/api.w.org\/{rel}","templated":true}]}}