{"id":120,"date":"2017-01-11T22:24:06","date_gmt":"2017-01-11T21:24:06","guid":{"rendered":"http:\/\/lamagit.ch\/?page_id=120"},"modified":"2025-12-06T18:44:26","modified_gmt":"2025-12-06T17:44:26","slug":"pascal-rais-cest","status":"publish","type":"page","link":"https:\/\/lamagit.ch\/?page_id=120","title":{"rendered":"Pascal Rais c&rsquo;est &#8230;"},"content":{"rendered":"<ul>\n<li>Un ing\u00e9nieur qui a d\u00e9couvert la beaut\u00e9 et la magie des \u00e9nergies des constellations en 2006.<\/li>\n<li>La <strong>rencontre<\/strong> entre le pragmatisme de la logique des sciences et le monde des \u00c2mes en mouvement: une <strong>merveille<\/strong> !!!<\/li>\n<li>Plus de 30 dans le monde de l&rsquo;industrie et des t\u00e9l\u00e9communications, ensuite, une formation en 2015 des constellations familiales et syst\u00e9miques par Bernard Rigo.<\/li>\n<li>Depuis 2016, des <strong>journ\u00e9es de constellations familiales et syst\u00e9miques en groupe,\u00a0<\/strong> et ainsi que des constellations individuelles.<\/li>\n<\/ul>\n","protected":false},"excerpt":{"rendered":"<p>Un ing\u00e9nieur qui a d\u00e9couvert la beaut\u00e9 et la magie des \u00e9nergies des constellations en 2006. La rencontre entre le pragmatisme de la logique des sciences et le monde des \u00c2mes en mouvement: une merveille !!! Plus de 30 dans le monde de l&rsquo;industrie et des t\u00e9l\u00e9communications, ensuite, une formation en 2015 des constellations familiales [&hellip;]<\/p>\n","protected":false},"author":1,"featured_media":0,"parent":112,"menu_order":0,"comment_status":"closed","ping_status":"closed","template":"","meta":{"footnotes":""},"class_list":["post-120","page","type-page","status-publish","hentry"],"_links":{"self":[{"href":"https:\/\/lamagit.ch\/index.php?rest_route=\/wp\/v2\/pages\/120","targetHints":{"allow":["GET"]}}],"collection":[{"href":"https:\/\/lamagit.ch\/index.php?rest_route=\/wp\/v2\/pages"}],"about":[{"href":"https:\/\/lamagit.ch\/index.php?rest_route=\/wp\/v2\/types\/page"}],"author":[{"embeddable":true,"href":"https:\/\/lamagit.ch\/index.php?rest_route=\/wp\/v2\/users\/1"}],"replies":[{"embeddable":true,"href":"https:\/\/lamagit.ch\/index.php?rest_route=%2Fwp%2Fv2%2Fcomments&post=120"}],"version-history":[{"count":14,"href":"https:\/\/lamagit.ch\/index.php?rest_route=\/wp\/v2\/pages\/120\/revisions"}],"predecessor-version":[{"id":600,"href":"https:\/\/lamagit.ch\/index.php?rest_route=\/wp\/v2\/pages\/120\/revisions\/600"}],"up":[{"embeddable":true,"href":"https:\/\/lamagit.ch\/index.php?rest_route=\/wp\/v2\/pages\/112"}],"wp:attachment":[{"href":"https:\/\/lamagit.ch\/index.php?rest_route=%2Fwp%2Fv2%2Fmedia&parent=120"}],"curies":[{"name":"wp","href":"https:\/\/api.w.org\/{rel}","templated":true}]}}