{"id":112,"date":"2017-01-11T22:02:47","date_gmt":"2017-01-11T21:02:47","guid":{"rendered":"http:\/\/lamagit.ch\/?page_id=112"},"modified":"2025-12-08T10:10:07","modified_gmt":"2025-12-08T09:10:07","slug":"me-contacter","status":"publish","type":"page","link":"https:\/\/lamagit.ch\/?page_id=112","title":{"rendered":"Me contacter"},"content":{"rendered":"<p>Pascal Rais, 1400 Yverdon-les-Bains<\/p>\n<p>pascal.rais at lamagit.ch<\/p>\n<p>Mobile: 079 447 22 67<\/p>\n<p>G\u00e9n\u00e9ralement, l\u2019approche\u00a0par les constellations familiales et syst\u00e9miques en groupe est nouvelle, et naturellement, les gens aimeraient se faire une id\u00e9e avant\u00a0 ou d\u00e9sirent mieux comprendre si cette m\u00e9thode peut leur convenir.<\/p>\n<p>C\u2019est pourquoi, on peut assister \u00e0 une journ\u00e9e de constellation en tant que repr\u00e9sentant. Ce r\u00f4le permet de d&rsquo;observer et de ressentir comment se d\u00e9roule une constellation familiale en groupe et\/ou de participer, et ainsi contribuer, aux constellations des autres personnes.<\/p>\n<p>Il est aussi possible de faire des consultations de constellations familiales individuellement.<\/p>\n<p>Les journ\u00e9es de constellations familiales en groupe ont lieu g\u00e9n\u00e9ralement un dimanche.<\/p>\n","protected":false},"excerpt":{"rendered":"<p>Pascal Rais, 1400 Yverdon-les-Bains pascal.rais at lamagit.ch Mobile: 079 447 22 67 G\u00e9n\u00e9ralement, l\u2019approche\u00a0par les constellations familiales et syst\u00e9miques en groupe est nouvelle, et naturellement, les gens aimeraient se faire une id\u00e9e avant\u00a0 ou d\u00e9sirent mieux comprendre si cette m\u00e9thode peut leur convenir. C\u2019est pourquoi, on peut assister \u00e0 une journ\u00e9e de constellation en tant [&hellip;]<\/p>\n","protected":false},"author":1,"featured_media":0,"parent":0,"menu_order":3,"comment_status":"closed","ping_status":"closed","template":"","meta":{"footnotes":""},"class_list":["post-112","page","type-page","status-publish","hentry"],"_links":{"self":[{"href":"https:\/\/lamagit.ch\/index.php?rest_route=\/wp\/v2\/pages\/112","targetHints":{"allow":["GET"]}}],"collection":[{"href":"https:\/\/lamagit.ch\/index.php?rest_route=\/wp\/v2\/pages"}],"about":[{"href":"https:\/\/lamagit.ch\/index.php?rest_route=\/wp\/v2\/types\/page"}],"author":[{"embeddable":true,"href":"https:\/\/lamagit.ch\/index.php?rest_route=\/wp\/v2\/users\/1"}],"replies":[{"embeddable":true,"href":"https:\/\/lamagit.ch\/index.php?rest_route=%2Fwp%2Fv2%2Fcomments&post=112"}],"version-history":[{"count":13,"href":"https:\/\/lamagit.ch\/index.php?rest_route=\/wp\/v2\/pages\/112\/revisions"}],"predecessor-version":[{"id":617,"href":"https:\/\/lamagit.ch\/index.php?rest_route=\/wp\/v2\/pages\/112\/revisions\/617"}],"wp:attachment":[{"href":"https:\/\/lamagit.ch\/index.php?rest_route=%2Fwp%2Fv2%2Fmedia&parent=112"}],"curies":[{"name":"wp","href":"https:\/\/api.w.org\/{rel}","templated":true}]}}